{"id":16,"date":"2021-08-01T16:39:01","date_gmt":"2021-08-01T16:39:01","guid":{"rendered":"https:\/\/spieckermann.eu\/?page_id=16"},"modified":"2023-11-01T12:49:28","modified_gmt":"2023-11-01T12:49:28","slug":"vita","status":"publish","type":"page","link":"https:\/\/spieckermann.eu\/?page_id=16","title":{"rendered":"Vita"},"content":{"rendered":"<p><strong>1995<\/strong><br \/>\nMagister Artium (M.A.) in Soziologie und deutscher Literaturwissenschaft an der Universit\u00e4t Hannover<\/p>\n<p><strong>1995 bis 1997<\/strong><br \/>\nWissenschaftlicher Mitarbeiter des Institut f\u00fcr Entwicklungsplanung und Strukturforschung GmbH an der Universit\u00e4t Hannover in der Abteilung \u201eWohnen, Siedlung, Umwelt\u201c<\/p>\n<p><strong>1997 bis 2000<\/strong><br \/>\nWissenschaftlicher Mitarbeiter des Institut f\u00fcr Landesplanung und Raumforschung der Universit\u00e4t Hannover<\/p>\n<p><strong>2000 bis 2005<\/strong><br \/>\nWissenschaftlicher Mitarbeiter der Fachhochschule K\u00f6ln, Fakult\u00e4t f\u00fcr Angewandte Sozialwissenschaften<\/p>\n<p><strong>2005 bis 2007<\/strong><br \/>\nGesch\u00e4ftsf\u00fchrer des Institut f\u00fcr Management und Organisation f\u00fcr Soziale Arbeit e.V. in K\u00f6ln<\/p>\n<p><strong>2007 bis 2021<\/strong><br \/>\nDozent an der <a href=\"https:\/\/www.th-koeln.de\/angewandte-sozialwissenschaften\/angewandte-sozialwissenschaften_46.php\">Fakult\u00e4t f\u00fcr Angewandte Sozialwissenschaften<\/a> und Koordinator des <a href=\"https:\/\/www.th-koeln.de\/angewandte-sozialwissenschaften\/forschungsschwerpunkt-sozial-raum-management_15127.php\">Forschungsschwerpunktes Sozial \u2022 Raum \u2022 Management<\/a> der Technischen Hochschule K\u00f6ln (2007 bis 2019)<\/p>\n<p><strong>2018<\/strong><br \/>\nPromotion zum Dr. phil. an der Universit\u00e4t Duisburg-Essen mit einer Dissertation \u00fcber &#8222;<a href=\"https:\/\/nbn-resolving.org\/urn:nbn:de:hbz:832-epub4-15361\">Die Netzwerkmetapher in der Sozialen Arbeit&#8220;<\/a><\/p>\n<p><strong>2018 bis 2021<\/strong><br \/>\nProdekan der Fakult\u00e4t f\u00fcr angewandte Sozialwissenschaften der Technischen Hochschule K\u00f6ln mit dem Schwerpunkt Digitalisierung<\/p>\n<p><strong>seit 2021<br \/>\n<\/strong>Professor f\u00fcr Soziale Arbeit an der <a href=\"https:\/\/www.iu.de\/hochschule\/lehrende\/spieckermann-holger\/\">IU Internationale Hochschule<\/a> (International University of Applied Sciences) in K\u00f6ln und D\u00fcsseldorf<\/p>\n<p>&nbsp;<\/p>\n","protected":false},"excerpt":{"rendered":"<p>1995 Magister Artium (M.A.) in Soziologie und deutscher Literaturwissenschaft an der Universit\u00e4t Hannover 1995 bis 1997 Wissenschaftlicher Mitarbeiter des Institut f\u00fcr Entwicklungsplanung und Strukturforschung GmbH an der Universit\u00e4t Hannover in der Abteilung \u201eWohnen, Siedlung, Umwelt\u201c 1997 bis 2000 Wissenschaftlicher Mitarbeiter des Institut f\u00fcr Landesplanung und Raumforschung der Universit\u00e4t Hannover 2000 bis 2005 Wissenschaftlicher Mitarbeiter der [&hellip;]<\/p>\n","protected":false},"author":1,"featured_media":0,"parent":0,"menu_order":0,"comment_status":"closed","ping_status":"closed","template":"","meta":{"footnotes":""},"class_list":["post-16","page","type-page","status-publish","hentry"],"_links":{"self":[{"href":"https:\/\/spieckermann.eu\/index.php?rest_route=\/wp\/v2\/pages\/16","targetHints":{"allow":["GET"]}}],"collection":[{"href":"https:\/\/spieckermann.eu\/index.php?rest_route=\/wp\/v2\/pages"}],"about":[{"href":"https:\/\/spieckermann.eu\/index.php?rest_route=\/wp\/v2\/types\/page"}],"author":[{"embeddable":true,"href":"https:\/\/spieckermann.eu\/index.php?rest_route=\/wp\/v2\/users\/1"}],"replies":[{"embeddable":true,"href":"https:\/\/spieckermann.eu\/index.php?rest_route=%2Fwp%2Fv2%2Fcomments&post=16"}],"version-history":[{"count":16,"href":"https:\/\/spieckermann.eu\/index.php?rest_route=\/wp\/v2\/pages\/16\/revisions"}],"predecessor-version":[{"id":147,"href":"https:\/\/spieckermann.eu\/index.php?rest_route=\/wp\/v2\/pages\/16\/revisions\/147"}],"wp:attachment":[{"href":"https:\/\/spieckermann.eu\/index.php?rest_route=%2Fwp%2Fv2%2Fmedia&parent=16"}],"curies":[{"name":"wp","href":"https:\/\/api.w.org\/{rel}","templated":true}]}}