{"id":17,"date":"2021-08-01T16:39:01","date_gmt":"2021-08-01T16:39:01","guid":{"rendered":"https:\/\/spieckermann.eu\/?page_id=17"},"modified":"2025-07-02T09:09:50","modified_gmt":"2025-07-02T09:09:50","slug":"publikationen","status":"publish","type":"page","link":"https:\/\/spieckermann.eu\/?page_id=17","title":{"rendered":"Publikationen"},"content":{"rendered":"<p>Herbert Schubert, Dietrich F\u00fcrst, Ansgar Rudolph, Holger Spieckermann (2001): Regionale Akteursnetzwerke, Analysen zur Bedeutung der Vernetzung am Beispiel der Region Hannover, Opladen: Leske und Budrich<\/p>\n<p>Dietrich F\u00fcrst, Herbert Schubert, Ansgar Rudolph, Holger Spieckermann (2001): Regional Actor Networks between Social Capital and Regional Governance, in: Connections 24 (1) 2001, S. 42-67 <a href=\"https:\/\/spieckermann.eu\/wp-content\/uploads\/2024\/10\/Fuerst-Schubert-ua-2001-Regional-Actor-Networks.pdf\">Download<\/a><\/p>\n<p>Arno Brandt, Ulf-Birger Franz, Thomas Klodt, Manfred Steincke, Herbert Schubert, Holger Spieckermann (2002): Netzmuster der Automobilindustrie in der Region Hannover, in: Perspektiven f\u00fcr die Mobilit\u00e4tswirtschaft in der Region Hannover, Gutachten im Auftrag der Region Hannover, Beitr\u00e4ge zur regionalen Entwicklung, Heft Nr. 97, Hannover 2002<\/p>\n<p>Herbert Schubert, Holger Spieckermann (2002): Zum Aufbau von Netzwerken als Kernaufgabe des Quartiermanagements, in: Uwe-Jens Walther (Hrsg.), Soziale Stadt \u2013 Zwischenbilanzen. Ein Programm auf dem Weg zur Sozialen Stadt?, Opladen: Leske und Budrich, S. 147-164<\/p>\n<p>Herbert Schubert, Sandra N\u00fc\u00df, Holger Spieckermann (2003): Kompetenzwerkstatt<br \/>\nin: Praxis B\u00fcrgerbeteiligung, Ein Methodenbuch, Astrid Ley, Ludwig Weitz (Hrsg.), Bonn 2003, S. 148-153<\/p>\n<p>Holger Spieckermann (2002): Konstruktion sozialer R\u00e4ume durch Netzwerke, in: Marlo Riege, Herbert Schubert, (Hrsg.), Sozialraumanalyse \u2013 Grundlagen, Methoden, Praxis, Opladen: Leske und Budrich 2002, S. 295-307; 2. \u00fcberarbeitete Auflage: Wiesbaden: VS-Verlag 2005, S. 313-326<\/p>\n<p>Herbert Schubert, Holger Spieckermann, Katrin H\u00e4nschke (2004): Organisationsmodell f\u00fcr das Quartiermanagement, in: Raumforschung und Raumordnung, Heft 3, S. 217-226 <a href=\"http:\/\/link.springer.com\/journal\/13147\/62\/3\/page\/1\">weitere Informationen und Download<\/a><\/p>\n<p>Herbert Schubert, Holger Spieckermann (2004): Standards des Quartiermanagements, Handlungsgrundlagen f\u00fcr die Steuerung einer integrierten Stadtteilentwicklung, K\u00f6ln: Verlag Sozial \u2022 Raum \u2022 Management <a href=\"https:\/\/nbn-resolving.org\/urn:nbn:de:hbz:832-epub4-15227\">weitere Informationen und Download (Open Access)<\/a><\/p>\n<p>Herbert Schubert, Sandra N\u00fc\u00df, Holger Spieckermann (2004): Kompetenzwerkstatt. F\u00f6rderung von Kindern und Jugendlichen, Herausgegeben von der Stiftung Mitarbeit, Bonn<\/p>\n<p>Holger Spieckermann (2005): Zur Evaluation von Netzwerken und Kooperationsmanagement, in: Ulrich Otto, Petra Bauer (Hrsg.), Soziale Netze st\u00e4rken \u2013 eine zentrale Perspektive Sozialer Arbeit, Bd. 1, T\u00fcbingen: dgvt-Verlag, S.181-200<\/p>\n<p>Holger Spieckermann (2005): Evaluation als Partizipations- und Lernprozess, in: Herbert Schubert (Hrsg.), Sozialmanagement, Zwischen Wirtschaftlichkeit und fachlichen Zielen, Wiesbaden: VS-Verlag , S. 259-279<\/p>\n<p>Holger Spieckermann (2006): Kooperationsmanagement von Netzwerken im \u00dcbergang Schule \u2013 Beruf, in: Ulrich Deinet\/ Maria Icking (Hrsg.), Jugendhilfe und Schule, Analysen und Konzepte f\u00fcr die kommunale Kooperation, Opladen: Verlag Barbara Budrich, , S. 193-208<\/p>\n<p>Herbert Schubert, Katja Veil, Holger Spieckermann (2007): Sicherheit durch pr\u00e4ventive Stadtgestaltung \u2013 Deutschland und Gro\u00dfbritannien, in: Aus Politik und Zeitgeschichte, Beilage zur Wochenzeitschrift \u201eDas Parlament\u201c, Themenausgabe \u201eInnere Sicherheit im Wandel\u201c, 12\/2007, S. 32-38 <a href=\"http:\/\/www.bpb.de\/publikationen\/OSCVRX,0,Sicherheit_durch_pr%E4ventive_Stadtgestaltung_Deutschland_und_Gro%DFbritannien.html\">weitere Informationen und Download<\/a><\/p>\n<p>Holger Spieckermann (2008): Netzwerkmanagement in einer \u201eLernenden Region\u201c, in: Herbert Schubert (Hrsg.), Netzwerkmanagement, Koordination von professionellen Vernetzungen im Sozialraum \u2013 Grundlagen und Praxisbeispiele, Wiesbaden: VS-Verlag, <a href=\"https:\/\/www.th-koeln.de\/angewandte-sozialwissenschaften\/netzwerkmanagement_17793.php\">weitere Informationen<\/a><\/p>\n<p>Herbert Schubert, Holger Spieckermann (2009): Arbeitshilfen zum Aufbau von Netzwerken Fr\u00fcher F\u00f6rderung Evaluation des Projektes \u201eNetzwerk Fr\u00fche F\u00f6rderung \u2013 NeFF\u201c, herausgegeben vom Landesjugendamt des Landschaftsverbandes Rheinland, K\u00f6ln<\/p>\n<p>Herbert Schubert, Katja Veil, Daniela J\u00e4ger, Andr\u00e9 Kaiser, Holger Spieckermann (2009): Wirkungen sozialr\u00e4umlicher Kriminalpr\u00e4vention. Band 1: Evaluation von st\u00e4dtebaulichen und wohnungswirtschaftlichen Ma\u00dfnahmen in zwei deutschen Gro\u00dfsiedlungen, K\u00f6ln: Verlag Sozial \u2022 Raum \u2022 Management<\/p>\n<p>Holger Spieckermann, Sarah K\u00f6lling, Michael Noack und Caroline Worsley (2010): Zur Studiensituation des Bachelors \u201eSoziale Arbeit\u201c an der Fachhochschule K\u00f6ln. Ergebnisse der Repr\u00e4sentativbefragung 2009, K\u00f6ln: Verlag Sozial \u2022 Raum \u2022 Management <a href=\"https:\/\/nbn-resolving.org\/urn:nbn:de:hbz:832-epub4-15302\">weitere Informationen und Download<\/a><\/p>\n<p>Frank Berzbach, Holger Spieckermann, Stefanie Vogt, Lars Adam (2010): Unterforderung und Demotivation. Der Anteil der Hochschulen am Selbstbild von\u00a0 P\u00e4dagogen und Sozialarbeitern, in: Frankfurter Allgemeine Zeitung vom 24. M\u00e4rz 2010, S. N5<\/p>\n<p>Daniela J\u00e4ger, Andr\u00e9 Kaiser, Herbert Schubert, Katja Veil, Holger Spieckermann (2010): Wirkungen sozialr\u00e4umlicher Kriminalpr\u00e4vention Erfolgsfaktoren von \u201aNew Governance\u2019 in Stadtteilen mit Erneuerungsbedarf. Zwei deutsche Fallbeispiele, K\u00f6ln:\u00a0 Verlag Sozial \u2022 Raum \u2022 Management<\/p>\n<p>Dimokritos Kavadias, Britt Dehertogh, Liljana Rihter, Herbert Schubert &amp; Holger Spieckermann (2011): Evaluation as learning, The collaboration between social work and research in cross-agency evaluation in Germany and Slovenia, in: European Journal of Social Work, 14(1), S. 89-108<\/p>\n<p>Christoph Heuer, Herbert Schubert, Holger Spieckermann (2011): Biografische \u00dcberg\u00e4nge von der Schule in den Beruf. Verbleibuntersuchung von K\u00f6lner Berufskollegabsolventen, K\u00f6ln: Verlag Sozial \u2022 Raum \u2022 Management <a href=\"https:\/\/nbn-resolving.org\/urn:nbn:de:hbz:832-epub4-15311\">weitere Informationen und Download<\/a><\/p>\n<p>Herbert Schubert, Michael Noack, Holger Spieckermann (2012): Vergleich von Netzwerkkooperationen in unterschiedlichen organisationalen Feldern, in: Marina Hennig, u.a., Probleme der Integration von Theorie und Methode in der Netzwerkforschung, Wiesbaden, Verlag f\u00fcr Sozialwissenschaften, S. 175-194<\/p>\n<p>Holger Spieckermann (2012): Aktivierende Befragung als Methode der Gemeinwesenarbeit, in: Die Zukunft der Gemeinwesenarbeit, Von der Revolte zur Steuerung und zur\u00fcck?, Rolf Blandow, Judith Knabe, Markus Ottersbach (Hrsg.), Wiesbaden: Springer VS , S. 155-172<\/p>\n<p>Holger Spieckermann (2012): Aktivierende Befragung in K\u00f6ln-Ostheim, in: Marlo Riege, Herbert Schubert, (Hrsg.), Sozialraumanalyse \u2013 Grundlagen, Methoden, Praxis, K\u00f6ln 3. \u00fcberarbeitete und erg\u00e4nzte Auflage, K\u00f6ln: Verlag Sozial \u2022 Raum \u2022 Management, S. 290-303<\/p>\n<p>Stephanie Abels, Karin Bebermeier, Herbert Schubert, Holger Spieckermann (2012): Prozessorientierter Netzwerkaufbau in den Sozialr\u00e4umen der Stadt M\u00fclheim an der Ruhr, K\u00f6lner Schriftenreihe f\u00fcr Management und Organisation in der Sozialen Arbeit Band 1\/2012, Onlinepublikation Cologne Open Science <a href=\"http:\/\/nbn-resolving.de\/urn:nbn:de:hbz:832-cos-295\">weitere Informationen und Download<\/a><\/p>\n<p>Michael Noack, Olivia Macolic, Rolf Franken, Herbert Schubert, Helmut Schulte Herbr\u00fcggen, Holger Spieckermann (2013): ONE | Organisations- &amp; Netzwerkentwicklung, Beratungskonzept zur Deckung des Unterst\u00fctzungsbedarfs von Netzwerkkooperationen in Nordrhein-Westfalen, K\u00f6lner Schriftenreihe f\u00fcr Management und Organisation in der Sozialen Arbeit Band 2\/2013, Onlinepublikation Cologne Open Science <a href=\"http:\/\/nbn-resolving.de\/urn:nbn:de:hbz:832-cos-375\">weitere Informationen und Download<\/a><\/p>\n<p>Katharina Eckert, Christoph Heuer, Herbert Schubert, Wolfgang Wessels, Holger Spieckermann (2013): Die Stadt K\u00f6ln als kommunaler Akteur im EU-Mehrebenensystem, Ver\u00e4nderte Opportunit\u00e4tsstrukturen und Netzwerkpfade zur europ\u00e4ischen Politikgestaltung nach dem Vertrag von Lissabon, K\u00f6ln: Verlag Sozial \u2022 Raum \u2022 Management <a href=\"https:\/\/nbn-resolving.org\/urn:nbn:de:hbz:832-epub4-15324\">weitere Informationen und Download<\/a><\/p>\n<p>Herbert Schubert, Katja Veil, Stephanie Abels, Holger Spieckermann (2013): Evaluation des Modellproprogramms \u201eCommunites That Care\u201c in Niedersachsen, Theoretische Grundlagen und empirische Befunde zur sozialr\u00e4umlichen Pr\u00e4vention in Netzwerken, K\u00f6ln:Verlag Sozial \u2022 Raum \u2022 Management <a href=\"https:\/\/nbn-resolving.org\/urn:nbn:de:hbz:832-epub4-15330\">weitere Informationen und Download<\/a><\/p>\n<p>Herbert Schubert, Stephanie Abels, Karin Papenfu\u00df, Holger Spieckermann, Katja Veil (2015): Neuer Infrastrukturansatz f\u00fcr die sozialr\u00e4umliche Altenhilfe, in: Sozialer Raum und Alter(n). Zug\u00e4nge, Verl\u00e4ufe und \u00dcberg\u00e4nge sozialr\u00e4umlicher Handlungsforschung, Reinold Knopp, Anne van Rie\u00dfen, Christian Bleck (Hrsg.), Wiesbaden: Springer VS,\u00a0 2015, S. 131-156<\/p>\n<p>Herbert Schubert, Stephanie Bremstahler, Karin Papenfu\u00df, Holger Spieckermann (2016): Wege finden \u2013 Seniorenorientierte Navigation. Entwicklung und Implementierung eines \u201eLotsensystems\u201c f\u00fcr \u00e4ltere Menschen in M\u00fclheim an der Ruhr K\u00f6lner Schriftenreihe f\u00fcr Management und Organisation in der Sozialen Arbeit Band 3\/2016, Onlinepublikation Cologne Open Science <a href=\"http:\/\/nbn-resolving.de\/urn\/resolver.pl?urn:nbn:de:hbz:832-cos4-3540\">weitere Informationen und Download<\/a><\/p>\n<p>Holger Spieckermann (2016): Zur Steuerungskultur der Inklusion in der Jugendf\u00f6rderung, Landschaftsverband Rheinland\/ Landschaftsverband Westfalen\/Lippe (Hrsg.), Jugendf\u00f6rderung: Erfolgreich Inklusiv \u2013 Eine Arbeitshilfe, K\u00f6ln, S. 58-61<\/p>\n<p>Herbert Schubert, Dietrich Oberwittler, Lara Schartau, Nina Planer, Anna Nutz, Holger Spieckermann, Dominik Gerstner, Heleen Janssen (2017): Sicherheitsempfinden \u00e4lterer Menschen im Wohnquartier &#8211; Ein Praxishandbuch f\u00fcr die Soziale Arbeit, K\u00f6ln: Verlag Sozial \u00b7 Raum \u00b7 Management <a href=\"https:\/\/nbn-resolving.org\/urn:nbn:de:hbz:832-epub4-15294\">weitere Informationen und Download<\/a><\/p>\n<p>Holger Spieckermann (2018): Die Netzwerkmetapher in der Sozialen Arbeit. Transformation und Transfer von Wissen zwischen Wissenschaft und Praxis, K\u00f6ln: Verlag Sozial \u2022 Raum \u2022 Management <a href=\"https:\/\/nbn-resolving.org\/urn:nbn:de:hbz:832-epub4-15361\">Weitere Informationen und Download<\/a><\/p>\n<p>Herbert Schubert, Holger Spieckermann (2018): Sozialraum und Netzwerke \u2013 eine Einf\u00fchrung, in: Herbert Schubert \/ Holger Spieckermann (Hrsg.), Sozialraum und Netzwerke. Perspektiven in der Governance-\u00c4ra, K\u00f6ln: Verlag Sozial \u2022 Raum \u2022 Management, S. 5-32<\/p>\n<p>Holger Spieckermann (2018): Wissenstransfer durch Netzwerkmetaphern in der Sozialen Arbeit, in: Herbert Schubert \/ Holger Spieckermann (Hrsg.), Sozialraum und Netzwerke. Perspektiven in der Governance-\u00c4ra, K\u00f6ln: Verlag Sozial \u2022 Raum \u2022 Management, S. 123-132<\/p>\n<p>Gena Da Rui, Werner Riedweg, Holger Spieckermann (2018): Wirklichkeit einer innovativen Planungspraxis in Deutschland und der Schweiz \u2013 Einf\u00fchrung in die deutschen und Schweizer Beispiele, in: Herbert Schubert (Hrsg.), Integrierte Sozialplanung f\u00fcr die Versorgung im Alter, Wiesbaden:Springer VS, S. 251-258<\/p>\n<p>Holger Spieckermann (2018): Werteorientierungen von ehrenamtlich engagierten Personen im Bev\u00f6lkerungs- und Katastrophenschutz, in: Notfallvorsorge. Die Zeitschrift f\u00fcr Bev\u00f6lkerungsschutz und Katastrophenhilfe 4\/2018, S. 28-33<\/p>\n<p>Holger Spieckermann (2019): Beitrag zu &#8222;Statistics of Social Configurations&#8220;, Moreno, J. L.\/Jennings, H. H. (1938), in: Stegbauer, Christian\/Holzer, Boris (Hrsg.), Schl\u00fcsselwerke der Netzwerkforschung, Wiesbaden: Springer VS-Verlag, S. 429-431<\/p>\n<p>Holger Spieckermann (2019): Wissenstransfer und Wissenstransformation am Beispiel der Netzwerkmetaphern in der Sozialen Arbeit, in: Weber, Susanne M.\/ Truschkat, Inga\/ Schr\u00f6der, Christan. Peters, Luisa\/ Herz, Andreas (Hrsg.), Organisation und Netzwerke, Wiesbaden: Springer VS, S. 135-142<\/p>\n<p>Anna Nutz, Herbert Schubert, Holger Spieckermann, Nicola Winterhoff, Julia Zinn (2019): Sozialplanung in Kreisen. Evaluation der Implementierung einer integrierten Sozialplanung in zwei Landkreisen in Nordrhein-Westfalen, Forschungsinstitut f\u00fcr gesellschaftliche Weiterentwicklung (Hrsg.), D\u00fcsseldorf <a href=\"https:\/\/www.ssoar.info\/ssoar\/handle\/document\/66629\">Weitere Informationen und Download<\/a><\/p>\n<p>Anna Nutz, Herbert Schubert, Holger Spieckermann, Nicola Winterhoff, Julia Zinn (2019): Instrumente der Prozessgestaltung, in: Herbert Schubert\/ Anna Nutz (Hrsg.), Integrierte Sozialplanung in Landkreisen und Kommunen. Handbuch, Stuttgart: Kohlhammer Verlag 2019, S. 54-250<\/p>\n<p>Holger Spieckermann (2020): Theorie-Praxis-Transfer am Beispiel der Netzwerkmetapher, Die Hochschule. Journal f\u00fcr Wissenschaft und Bildung, Heft 02\/2020, S. 98-108<\/p>\n<p>Anna Nutz, Herbert Schubert, Holger Spieckermann (2020): Integrierte Sozialplanung in Kreisen. Gezielt planen \u2013 gemeinsam handeln. Integrierte Sozialplanung in Nordrhein-Westfalen \u2013 ein Sammelband, Ministerium f\u00fcr Arbeit, Gesundheit und Soziales des Landes Nordrhein-Westfalen (Hrsg.), D\u00fcsseldorf, S. 156-168 <a href=\"https:\/\/broschuerenservice.nrw.de\/default\/shop\/Integrierte_Sozialplanung_in_Nordrhein-Westfalen.\/0\">Download<\/a><\/p>\n<p>Stefanie Vogt, Melanie Werner, Holger Spieckermann &amp; Eva Grigori (2022): Social Work Students Attitudes towards Deservingness of Social Help \u2013 Results of a Research in five European Schools of Social Work,\u00a0 in: International Journal of Social Work Values and Ethics, Volume 19 (2022), Issue 2. S.244-273, <a href=\"https:\/\/doi.org\/10.55521\/10-019-214\">https:\/\/doi.org\/10.55521\/10-019-214<\/a><\/p>\n<p>Jan \u00dcblacker, Holger Spieckermann, Max Freund, Sophie Nagorni, Milena Stankov (2022): Veedel ohne Jef\u00f6hl? Eine qualitative Untersuchung der Nutzer*innen des K\u00f6lner Dom- und Rathausumfelds, Herausgegeben von der Stadt K\u00f6ln, K\u00f6ln, <a href=\"https:\/\/ratsinformation.stadt-koeln.de\/getfile.asp?id=892464&amp;type=do\">Download<\/a><\/p>\n<p>Holger Spieckermann (2024): Einstellungen von Studierenden der Sozialen Arbeit zur Deservingness sozialer Hilfe &#8211; Ergebnisse einer Untersuchung an f\u00fcnf europ\u00e4ischen Schulen f\u00fcr Soziale Arbeit. In: Katrin Sen, Martin Staats, Dirk Wassermann, Boris Friele, Mehmet Kart, Holger Knothe, Jens Rieger, B\u00e4rbel Schomers (Hrsg.), Utopien sozialer Arbeit, Weinheim\/Basel: Beltz Juventa, S. 196-214<\/p>\n<p>Holger Spieckermann, Christiane Nakao, Sonja Preissing &amp; Katrin Sen (2024): Digitale Teilhabe im Sozialraum. Ergebnisse der Befragung von Fachkr\u00e4ften der Gemeinwesenarbeit in Hessen, IU Discussion Papers \u2013 Sozialwissenschaften, Vol. 4, No. 02, <a href=\"https:\/\/doi.org\/10.56250\/4053\">https:\/\/doi.org\/10.56250\/4053<\/a><\/p>\n<p>Katrin Sen, Holger Spieckermann (2024): \u201eEine Br\u00fccke f\u00fcr die Familien\u201c \u2013 Der Beitrag von sozialr\u00e4umlichen Projekten zur F\u00f6rderung der Teilhabe von Zuwanderern am Beispiel des Projektes Stadtteilm\u00fctter, in: Migration und Soziale Arbeit 4\/2024, S. 373-380<\/p>\n<p>Katrin Sen, Holger Spieckermann (2025): Evaluation des Projektes \u201eStadtteilm\u00fctter\u201c, IU Discussion Papers \u2013 Sozialwissenschaften, Vol. 5., No. 04\u00a0 <a href=\"https:\/\/doi.org\/10.56250\/4051\">https:\/\/doi.org\/10.56250\/4051<\/a><\/p>\n<p>Katrin Sen, Christiane Nakao, Sonja Preissing, Holger Spieckermann (2025): Auswirkungen gesellschaftlicher Krisen auf die digitale und soziale Teilhabe von Adressat:innen im Sozialraum am Beispiel der Corona-Pandemie und des Ukrainekrieges, in: Martin Staats et al. (Hrsg.), Soziale Arbeit zwischen Krise und Kritik, Weinheim\/Basel: Beltz Juventa, S. 52-69<\/p>\n","protected":false},"excerpt":{"rendered":"<p>Herbert Schubert, Dietrich F\u00fcrst, Ansgar Rudolph, Holger Spieckermann (2001): Regionale Akteursnetzwerke, Analysen zur Bedeutung der Vernetzung am Beispiel der Region Hannover, Opladen: Leske und Budrich Dietrich F\u00fcrst, Herbert Schubert, Ansgar Rudolph, Holger Spieckermann (2001): Regional Actor Networks between Social Capital and Regional Governance, in: Connections 24 (1) 2001, S. 42-67 Download Arno Brandt, Ulf-Birger Franz, [&hellip;]<\/p>\n","protected":false},"author":1,"featured_media":0,"parent":0,"menu_order":0,"comment_status":"closed","ping_status":"closed","template":"","meta":{"footnotes":""},"class_list":["post-17","page","type-page","status-publish","hentry"],"_links":{"self":[{"href":"https:\/\/spieckermann.eu\/index.php?rest_route=\/wp\/v2\/pages\/17","targetHints":{"allow":["GET"]}}],"collection":[{"href":"https:\/\/spieckermann.eu\/index.php?rest_route=\/wp\/v2\/pages"}],"about":[{"href":"https:\/\/spieckermann.eu\/index.php?rest_route=\/wp\/v2\/types\/page"}],"author":[{"embeddable":true,"href":"https:\/\/spieckermann.eu\/index.php?rest_route=\/wp\/v2\/users\/1"}],"replies":[{"embeddable":true,"href":"https:\/\/spieckermann.eu\/index.php?rest_route=%2Fwp%2Fv2%2Fcomments&post=17"}],"version-history":[{"count":39,"href":"https:\/\/spieckermann.eu\/index.php?rest_route=\/wp\/v2\/pages\/17\/revisions"}],"predecessor-version":[{"id":227,"href":"https:\/\/spieckermann.eu\/index.php?rest_route=\/wp\/v2\/pages\/17\/revisions\/227"}],"wp:attachment":[{"href":"https:\/\/spieckermann.eu\/index.php?rest_route=%2Fwp%2Fv2%2Fmedia&parent=17"}],"curies":[{"name":"wp","href":"https:\/\/api.w.org\/{rel}","templated":true}]}}