{"id":18,"date":"2021-08-01T16:39:01","date_gmt":"2021-08-01T16:39:01","guid":{"rendered":"https:\/\/spieckermann.eu\/?page_id=18"},"modified":"2024-08-30T11:56:49","modified_gmt":"2024-08-30T11:56:49","slug":"forschung","status":"publish","type":"page","link":"https:\/\/spieckermann.eu\/?page_id=18","title":{"rendered":"Forschung"},"content":{"rendered":"<p><strong>Evaluation des Projektes Stadtteilm\u00fctter in K\u00f6ln-M\u00fclheim<\/strong><br \/>\ngef\u00f6rdert von der Christlichen Sozialhilfe K\u00f6ln gGmbH (2023\/2024)<\/p>\n<p><strong>Digitale Teilhabe im Sozialraum<\/strong><br \/>\nin Kooperation der LAG Soziale Brennpunkte Hessen e.V. (2023\/2024)<\/p>\n<p><strong>Stadtraumforschung im Domumfeld in K\u00f6ln<\/strong><br \/>\nin Kooperation mit der Stabsstelle \u201eStadtbau im Quartier | Domumfeld\u201c der Stadt K\u00f6ln und dem Institut f\u00fcr Landes- und Stadtentwicklungsforschung Dortmund (2020 bis 2021)<\/p>\n<p><strong>Future Social Workers Perception of Causes of Social Problems<\/strong><br \/>\ngef\u00f6rdert von der European Association of Schools of Social Work (2020 bis 2021)<\/p>\n<p><strong>Evaluation des Modells der integrierten strategischen Sozialplanung<\/strong><br \/>\nWissenschaftliche Begleitung des Beratungs- und Implementierungsprozesses der Sozialraumorientierten Armutsbek\u00e4mpfung in Nordrhein-Westfalen<br \/>\ngef\u00f6rdert vom Ministerium f\u00fcr Innovation, Wissenschaft und Forschung des Landes Nordrhein-Westfalen (2016 bis 2019)<\/p>\n<p><strong>Forschungsschwerpunkt &#8222;Bev\u00f6lkerungsschutz im gesellschaftlichen Wandel (BigWa)&#8220;<\/strong><br \/>\ngef\u00f6rdert vom Ministerium f\u00fcr Innovation, Wissenschaft und Forschung des Landes Nordrhein-Westfalen (2016 bis 2019)<\/p>\n<p><strong>Integrierte Sozialplanung als Innovation f\u00fcr die Versorgung im Alter<\/strong><br \/>\nNeue Konzepte zur Integration von Altenhilfeplanung und Sozialplanung in der kommunalen Daseinsvorsorge<br \/>\ngef\u00f6rdert vom Bundesministerium f\u00fcr Bildung und Forschung (2014 bis 2018<\/p>\n<p><strong>Inklusion in der Jugendf\u00f6rderung<\/strong><br \/>\ngef\u00f6rdert vom Landschaftsverband Rheinland und Landschaftsverband Westfalen-Lippe (2013 bis 2016)<\/p>\n<p><strong>Evaluation der Ma\u00dfnahme \u201eJobScout-Klosterwald\u201c in K\u00f6ln-D\u00fcnnwald<\/strong><br \/>\ngef\u00f6rdert von der Agentur f\u00fcr Arbeit und der Stadt K\u00f6ln (2014)<\/p>\n<p><strong>Sicherheit \u00e4lterer Menschen im Wohnquartier &#8211; Analysen und Konzeption des Praxismodells &#8222;Seniorensicherheitskoordination&#8220;<\/strong><br \/>\ngef\u00f6rdert vom Bundesministerium f\u00fcr Bildung und Forschung (2014 bis 2016)<\/p>\n<p><strong>Sozialr\u00e4umliche Pr\u00e4vention in Quartieren in NRW<\/strong><br \/>\ngef\u00f6rdert vom Ministerium f\u00fcr Bauen, Wohnen, Stadtentwicklung und Verkehr des Landes Nordrhein-Westfalen (2013 bis 2014)<\/p>\n<p><strong>Lokale Koalition f\u00fcr Sicherheit in einem belasteten Stadtteil mit hohen Anteilen von Kindern und Jugendlichen. Grundlagen f\u00fcr eine neue Sicherheitsarchitektur in K\u00f6ln Bocklem\u00fcnd<\/strong><br \/>\ngef\u00f6rdert von der RheinEnergieStiftung Jugend\/Beruf, Wissenschaft Forschung (2013 bis 2015)<\/p>\n<p><strong>Wege finden \u2013 Seniorenorientierte Navigation (SONA). Entwicklung und Implementierung eines \u201eLotsensystems\u201c f\u00fcr \u00e4ltere Menschen in M\u00fclheim an der Ruhr<\/strong><br \/>\ngef\u00f6rdert vom Bundesministerium f\u00fcr Bildung und Forschung (2013 bis 2015)<\/p>\n<p><strong>Die Stadt K\u00f6ln als kommunaler Akteur im EU-Mehrebenensystem. Neue Opportunit\u00e4tsstrukturen und Netzwerkstrategien zur europ\u00e4ischen Politikgestaltung<\/strong><br \/>\ngef\u00f6rdert von der RheinEnergieStiftung Jugend\/Beruf, Wissenschaft (2011 bis 2012)<\/p>\n<p><strong>Sozialr\u00e4umliche Pr\u00e4vention in Netzwerken. Die Evaluation der Implementierung des Programms \u201cCommunities that Care\u201c (CtC) in Niedersachsen<\/strong><br \/>\ngef\u00f6rdert von Nieders\u00e4chsischen Justizministerium, Nieders\u00e4chsischen Ministerium f\u00fcr Soziales, Frauen, Familie und Gesundheit, der Europ\u00e4ischen Union sowie der Klosterkammer Hannover (2009 bis 2011)<\/p>\n<p><strong>Biographische \u00dcbergangssituationen K\u00f6lner Berufssch\u00fcler\/innen<\/strong><br \/>\ngef\u00f6rdert von der RheinEnergieStiftung Jugend\/Beruf, Wissenschaft (2008 bis 2009)<\/p>\n<p><strong>Wirkungen st\u00e4dtebaulicher Kriminalpr\u00e4vention auf Sicherheit und Integration<\/strong><br \/>\ngef\u00f6rdert von der RheinEnergieStiftung Jugend\/Beruf, Wissenschaft (2007 bis 2009)<\/p>\n<p><strong>Evaluation des Projektes NeFF \u2013 Netzwerk Fr\u00fche F\u00f6rderung<\/strong><br \/>\ngef\u00f6rdert vom Landesjugendamt des Landschaftsverbandes Rheinland (2006 bis 2009)<\/p>\n","protected":false},"excerpt":{"rendered":"<p>Evaluation des Projektes Stadtteilm\u00fctter in K\u00f6ln-M\u00fclheim gef\u00f6rdert von der Christlichen Sozialhilfe K\u00f6ln gGmbH (2023\/2024) Digitale Teilhabe im Sozialraum in Kooperation der LAG Soziale Brennpunkte Hessen e.V. (2023\/2024) Stadtraumforschung im Domumfeld in K\u00f6ln in Kooperation mit der Stabsstelle \u201eStadtbau im Quartier | Domumfeld\u201c der Stadt K\u00f6ln und dem Institut f\u00fcr Landes- und Stadtentwicklungsforschung Dortmund (2020 bis [&hellip;]<\/p>\n","protected":false},"author":1,"featured_media":0,"parent":0,"menu_order":0,"comment_status":"closed","ping_status":"closed","template":"","meta":{"footnotes":""},"class_list":["post-18","page","type-page","status-publish","hentry"],"_links":{"self":[{"href":"https:\/\/spieckermann.eu\/index.php?rest_route=\/wp\/v2\/pages\/18","targetHints":{"allow":["GET"]}}],"collection":[{"href":"https:\/\/spieckermann.eu\/index.php?rest_route=\/wp\/v2\/pages"}],"about":[{"href":"https:\/\/spieckermann.eu\/index.php?rest_route=\/wp\/v2\/types\/page"}],"author":[{"embeddable":true,"href":"https:\/\/spieckermann.eu\/index.php?rest_route=\/wp\/v2\/users\/1"}],"replies":[{"embeddable":true,"href":"https:\/\/spieckermann.eu\/index.php?rest_route=%2Fwp%2Fv2%2Fcomments&post=18"}],"version-history":[{"count":42,"href":"https:\/\/spieckermann.eu\/index.php?rest_route=\/wp\/v2\/pages\/18\/revisions"}],"predecessor-version":[{"id":210,"href":"https:\/\/spieckermann.eu\/index.php?rest_route=\/wp\/v2\/pages\/18\/revisions\/210"}],"wp:attachment":[{"href":"https:\/\/spieckermann.eu\/index.php?rest_route=%2Fwp%2Fv2%2Fmedia&parent=18"}],"curies":[{"name":"wp","href":"https:\/\/api.w.org\/{rel}","templated":true}]}}